{"id":29,"date":"2024-08-25T09:30:58","date_gmt":"2024-08-25T09:30:58","guid":{"rendered":"https:\/\/germania-inferior.nl\/?page_id=29"},"modified":"2026-03-10T16:03:09","modified_gmt":"2026-03-10T16:03:09","slug":"home","status":"publish","type":"page","link":"https:\/\/germania-inferior.nl\/","title":{"rendered":"Home"},"content":{"rendered":"<p>[et_pb_section fb_built=&#8221;1&#8243; _builder_version=&#8221;4.27.0&#8243; _module_preset=&#8221;default&#8221; background_image=&#8221;https:\/\/germania-inferior.nl\/wp-content\/uploads\/2024\/08\/Germania-Inferior-BG60.png&#8221; background_size=&#8221;contain&#8221; background_position=&#8221;top_right&#8221; custom_padding=&#8221;||30px|||&#8221; background_last_edited=&#8221;on|phone&#8221; parallax_phone=&#8221;off&#8221; background_position_phone=&#8221;top_center&#8221; background_vertical_offset_phone=&#8221;0%&#8221; global_colors_info=&#8221;{}&#8221;][et_pb_row _builder_version=&#8221;4.27.0&#8243; _module_preset=&#8221;default&#8221; custom_padding=&#8221;0px||0px||false|false&#8221; global_colors_info=&#8221;{}&#8221;][et_pb_column type=&#8221;4_4&#8243; _builder_version=&#8221;4.27.0&#8243; _module_preset=&#8221;default&#8221; global_colors_info=&#8221;{}&#8221;][et_pb_text admin_label=&#8221;Tekst&#8221; _builder_version=&#8221;4.27.0&#8243; _module_preset=&#8221;default&#8221; text_font_size=&#8221;200%&#8221; text_line_height=&#8221;120%&#8221; text_orientation=&#8221;center&#8221; width=&#8221;100%&#8221; custom_margin=&#8221;||4px|||&#8221; text_font_size_tablet=&#8221;200%&#8221; text_font_size_phone=&#8221;150%&#8221; text_font_size_last_edited=&#8221;on|desktop&#8221; global_colors_info=&#8221;{}&#8221;]<\/p>\n<p>Nieuwe tweedelige<b> <\/b><strong>Cartobibliografie van de Nederlanden<\/strong><\/p>\n<p>[\/et_pb_text][et_pb_text _builder_version=&#8221;4.27.0&#8243; _module_preset=&#8221;default&#8221; text_text_color=&#8221;#C49828&#8243; global_colors_info=&#8221;{}&#8221;]<\/p>\n<p style=\"text-align: center;\"><a href=\"https:\/\/germania-inferior.nl\/index.php\/en\/\">Click here for English<\/a><\/p>\n<p>[\/et_pb_text][\/et_pb_column][\/et_pb_row][et_pb_row _builder_version=&#8221;4.27.0&#8243; _module_preset=&#8221;default&#8221; custom_padding=&#8221;0px||0px|||&#8221; global_colors_info=&#8221;{}&#8221;][et_pb_column type=&#8221;4_4&#8243; admin_label=&#8221;Kolom&#8221; _builder_version=&#8221;4.27.0&#8243; _module_preset=&#8221;default&#8221; global_colors_info=&#8221;{}&#8221;][et_pb_image src=&#8221;https:\/\/germania-inferior.nl\/wp-content\/uploads\/2024\/11\/Germania-Inferior-cover.png&#8221; title_text=&#8221;Germania Inferior cover&#8221; align=&#8221;center&#8221; show_bottom_space_tablet=&#8221;&#8221; show_bottom_space_phone=&#8221;&#8221; show_bottom_space_last_edited=&#8221;on|desktop&#8221; align_tablet=&#8221;center&#8221; align_phone=&#8221;center&#8221; align_last_edited=&#8221;on|phone&#8221; _builder_version=&#8221;4.27.2&#8243; _module_preset=&#8221;default&#8221; width=&#8221;100%&#8221; width_tablet=&#8221;100%&#8221; width_phone=&#8221;&#8221; width_last_edited=&#8221;on|phone&#8221; module_alignment=&#8221;center&#8221; min_height_tablet=&#8221;&#8221; min_height_phone=&#8221;&#8221; min_height_last_edited=&#8221;on|phone&#8221; custom_margin=&#8221;||||false|false&#8221; custom_padding=&#8221;20px|0px|30px|0px|false|false&#8221; custom_padding_tablet=&#8221;20px|0px|30px|0px|false|false&#8221; custom_padding_phone=&#8221;20px||20px||false|false&#8221; custom_padding_last_edited=&#8221;on|desktop&#8221; global_colors_info=&#8221;{}&#8221;][\/et_pb_image][\/et_pb_column][\/et_pb_row][et_pb_row _builder_version=&#8221;4.27.0&#8243; _module_preset=&#8221;default&#8221; global_colors_info=&#8221;{}&#8221;][et_pb_column type=&#8221;4_4&#8243; _builder_version=&#8221;4.27.0&#8243; _module_preset=&#8221;default&#8221; global_colors_info=&#8221;{}&#8221;][et_pb_text _builder_version=&#8221;4.27.0&#8243; _module_preset=&#8221;default&#8221; custom_padding=&#8221;||1px|||&#8221; global_colors_info=&#8221;{}&#8221;]<\/p>\n<p style=\"text-align: center;\"><strong><em>Germania Inferior<\/em><\/strong><span> <\/span><em>\u2013 Cartobibliografie van De Zeventien Provincies der Nederlanden 1548 \u2013 1831<\/em><\/p>\n<p style=\"text-align: center;\"><strong>Tweede druk vanwege het overweldigende succes en de grote vraag!<\/strong><\/p>\n<p style=\"text-align: center;\">Herziene editie, <strong>2 delen,<\/strong><span>\u00a0tezamen\u00a0<\/span><strong>1096 pagina\u2019s,<\/strong><span>\u00a0met:<\/span><\/p>\n<p style=\"text-align: center;\"><b>410 historische landkaarten<\/b> <b>van de Nederlanden<\/b>;<\/p>\n<p style=\"text-align: center;\"><b>80<\/b> <b>nieuwgevonden,<\/b> eerder <b>onbekende landkaarten<\/b>;<\/p>\n<p style=\"text-align: center;\"><b>200 nieuwe staten<\/b> (aanpassingen) <b>van<\/b> eerder beschreven <b>oude landkaarten<\/b>;<\/p>\n<p style=\"text-align: center;\">Beschrijving van boeken en atlassen met kaarten van de Nederlanden.<\/p>\n<p>[\/et_pb_text][et_pb_text _builder_version=&#8221;4.27.4&#8243; _module_preset=&#8221;default&#8221; custom_padding=&#8221;||1px|||&#8221; global_colors_info=&#8221;{}&#8221;]<\/p>\n<p style=\"text-align: center;\">Prijs: <strong>\u20ac279,50 per set<\/strong>, excl. handling &amp; verzendkosten.<\/p>\n<p>[\/et_pb_text][\/et_pb_column][\/et_pb_row][et_pb_row _builder_version=&#8221;4.27.0&#8243; _module_preset=&#8221;default&#8221; global_colors_info=&#8221;{}&#8221;][et_pb_column type=&#8221;4_4&#8243; _builder_version=&#8221;4.27.0&#8243; _module_preset=&#8221;default&#8221; global_colors_info=&#8221;{}&#8221;][et_pb_button button_url=&#8221;https:\/\/germania-inferior.nl\/index.php\/product\/germania-inferior\/&#8221; button_text=&#8221;Levering binnen de EU&#8221; button_alignment=&#8221;center&#8221; _builder_version=&#8221;4.27.0&#8243; _module_preset=&#8221;default&#8221; custom_button=&#8221;on&#8221; custom_margin=&#8221;||||false|false&#8221; custom_padding=&#8221;||||false|false&#8221; global_colors_info=&#8221;{}&#8221;][\/et_pb_button][et_pb_button button_url=&#8221;https:\/\/germania-inferior.nl\/index.php\/levering-ww\/&#8221; button_text=&#8221;Rest van de wereld&#8221; button_alignment=&#8221;center&#8221; _builder_version=&#8221;4.27.0&#8243; _module_preset=&#8221;default&#8221; custom_button=&#8221;on&#8221; custom_margin=&#8221;||||false|false&#8221; custom_padding=&#8221;||||false|false&#8221; global_colors_info=&#8221;{}&#8221;][\/et_pb_button][\/et_pb_column][\/et_pb_row][et_pb_row column_structure=&#8221;1_2,1_2&#8243; _builder_version=&#8221;4.27.0&#8243; _module_preset=&#8221;default&#8221; global_colors_info=&#8221;{}&#8221;][et_pb_column type=&#8221;1_2&#8243; _builder_version=&#8221;4.27.0&#8243; _module_preset=&#8221;default&#8221; global_colors_info=&#8221;{}&#8221;][et_pb_text _builder_version=&#8221;4.27.0&#8243; _module_preset=&#8221;default&#8221; global_colors_info=&#8221;{}&#8221;]<\/p>\n<p><strong>De interessantste periode uit de geschiedenis van Nederland, Belgi\u00eb en Luxemburg was wel de tijd van de Tachtigjarige Oorlog, van de daaropvolgende economische en culturele bloeiperiode, en van de teruggang van de Nederlanden aan het eind van de 17e eeuw.<\/strong><strong style=\"font-size: 24px;\">\u00a0<\/strong><\/p>\n<p>[\/et_pb_text][et_pb_text _builder_version=&#8221;4.27.0&#8243; _module_preset=&#8221;default&#8221; global_colors_info=&#8221;{}&#8221;]<\/p>\n<p><strong>Samensteller, auteur en uitgever &#8211; Hans Spikmans:<\/strong><i> \u201cDeze tijd, met zijn Bourgondische en Habsburgse perioden, heeft zeer instructieve, en met prachtige cartouches uitbundig ge\u00efllustreerde wandkaarten en foliokaarten opgeleverd, waarvan vele in kleur. Deze cartografie vond ook een markt elders in Europa.\u201d<\/i><strong><span class=\"Apple-converted-space\">\u00a0<\/span><\/strong><\/p>\n<p>[\/et_pb_text][et_pb_image src=&#8221;https:\/\/germania-inferior.nl\/wp-content\/uploads\/2024\/10\/Germania-Inferior-spreads-v2-1-scaled.jpg&#8221; show_in_lightbox=&#8221;on&#8221; _builder_version=&#8221;4.27.0&#8243; _module_preset=&#8221;default&#8221; box_shadow_style=&#8221;preset1&#8243; global_colors_info=&#8221;{}&#8221;][\/et_pb_image][et_pb_text _builder_version=&#8221;4.27.0&#8243; _module_preset=&#8221;default&#8221; custom_padding=&#8221;||0px|||&#8221; global_colors_info=&#8221;{}&#8221;]<\/p>\n<p><strong>De nieuwe cartobibliografie <i>Germania Inferior<\/i><\/strong> gaat uit van vier perioden van de Nederlanden: het ontstaan (1363-1543); de eenheidsstaat (1544-1579); de scheiding van noord en zuid (1580-1648); en de ontwikkelingen tot na 1800.<span class=\"Apple-converted-space\">\u00a0<\/span><\/p>\n<p>[\/et_pb_text][et_pb_text _builder_version=&#8221;4.27.0&#8243; _module_preset=&#8221;default&#8221; global_colors_info=&#8221;{}&#8221;]<\/p>\n<p>Van elke periode worden kort en duidelijk de staatkundige, bestuurlijke en economische omstandigheden geschetst, en ook politieke en militaire ontwikkelingen komen aan de orde; tezamen geven ze <strong>de achtergronden van de esthetische, technische en commerci\u00eble vorderingen op cartografiegebied<\/strong> het nodige reli\u00ebf.<span class=\"Apple-converted-space\">\u00a0<\/span><\/p>\n<p>[\/et_pb_text][et_pb_image src=&#8221;https:\/\/germania-inferior.nl\/wp-content\/uploads\/2024\/10\/Germania-Inferior-spreads-v2-3-scaled.jpg&#8221; show_in_lightbox=&#8221;on&#8221; _builder_version=&#8221;4.27.0&#8243; _module_preset=&#8221;default&#8221; box_shadow_style=&#8221;preset1&#8243; global_colors_info=&#8221;{}&#8221;][\/et_pb_image][\/et_pb_column][et_pb_column type=&#8221;1_2&#8243; _builder_version=&#8221;4.27.0&#8243; _module_preset=&#8221;default&#8221; global_colors_info=&#8221;{}&#8221;][et_pb_image src=&#8221;https:\/\/germania-inferior.nl\/wp-content\/uploads\/2024\/10\/Germania-Inferior-spreads-v2-2-scaled.jpg&#8221; show_in_lightbox=&#8221;on&#8221; _builder_version=&#8221;4.27.0&#8243; _module_preset=&#8221;default&#8221; box_shadow_style=&#8221;preset1&#8243; global_colors_info=&#8221;{}&#8221;][\/et_pb_image][et_pb_text _builder_version=&#8221;4.27.0&#8243; _module_preset=&#8221;default&#8221; global_colors_info=&#8221;{}&#8221;]<\/p>\n<p><strong>De cartografie van die tijd<\/strong> wordt in <i>Germania Inferior<\/i> uitvoerig belicht. Cartografen, graveurs en uitgevers, allerlei samenwerkingen, en hun niet zelden internationaal bestaan (over de grenzen van hun kaarten heen) krijgen alle aandacht. Ook wordt gesignaleerd hoe de kaarttechniek zich verspreidt; en hoe de kopergravures van eigenaar wisselen om, al of niet aangepast, een nieuw leven te krijgen, waarbij de ene keer de oorspronkelijke maker alle eer krijgt, maar ook wel plagiaat wordt gepleegd. <strong>Cartografie wordt kunstvorm, niet alleen om boeken te verrijken maar ook \u2018voor aan de wand\u2019.<\/strong><\/p>\n<p>[\/et_pb_text][et_pb_text _builder_version=&#8221;4.27.0&#8243; _module_preset=&#8221;default&#8221; global_colors_info=&#8221;{}&#8221;]<\/p>\n<p>Bovendien met: een afzonderlijk hoofdstuk over de cartografische ontwikkelingen tot na 1800 in Frankrijk, van de vroegste periode tot het zichtbaar worden van de Nederlandse inbreng, en daarna van de weg naar de zelfstandigheid van de Franse cartografie.<\/p>\n<p>[\/et_pb_text][et_pb_image src=&#8221;https:\/\/germania-inferior.nl\/wp-content\/uploads\/2024\/10\/Germania-Inferior-spreads-v2-4-scaled.jpg&#8221; show_in_lightbox=&#8221;on&#8221; _builder_version=&#8221;4.27.0&#8243; _module_preset=&#8221;default&#8221; box_shadow_style=&#8221;preset1&#8243; global_colors_info=&#8221;{}&#8221;][\/et_pb_image][et_pb_text _builder_version=&#8221;4.27.0&#8243; _module_preset=&#8221;default&#8221; global_colors_info=&#8221;{}&#8221;]<\/p>\n<ul>\n<li style=\"text-align: left;\"><strong>Tweede druk vanwege het overweldigende succes en de grote vraag!<\/strong><\/li>\n<li>Herziene editie, 2 delen, tezamen 1096 pagina\u2019s<\/li>\n<li>Bijzonder mooi gedrukt in full color FM raster, grootformaat hardcover: 230 x 320 mm \u2013 460 x 320 open<\/li>\n<li>Genaaid gebonden, voorzien van leeslinten, soft touch omslag, bedrukt met goudfolie preeg<\/li>\n<\/ul>\n<p>[\/et_pb_text][\/et_pb_column][\/et_pb_row][et_pb_row _builder_version=&#8221;4.27.0&#8243; _module_preset=&#8221;default&#8221; custom_padding=&#8221;0px||0px|||&#8221; global_colors_info=&#8221;{}&#8221;][et_pb_column type=&#8221;4_4&#8243; admin_label=&#8221;Kolom&#8221; _builder_version=&#8221;4.27.0&#8243; _module_preset=&#8221;default&#8221; global_colors_info=&#8221;{}&#8221;][et_pb_image src=&#8221;https:\/\/germania-inferior.nl\/wp-content\/uploads\/2024\/11\/Germania-Inferior-cover-2.png&#8221; align=&#8221;center&#8221; _builder_version=&#8221;4.27.2&#8243; _module_preset=&#8221;default&#8221; width=&#8221;70%&#8221; width_tablet=&#8221;70%&#8221; width_phone=&#8221;70%&#8221; width_last_edited=&#8221;on|phone&#8221; custom_padding=&#8221;28px||12px||false|false&#8221; custom_padding_tablet=&#8221;||40px||false|false&#8221; custom_padding_phone=&#8221;||10px||false|false&#8221; custom_padding_last_edited=&#8221;on|phone&#8221; global_colors_info=&#8221;{}&#8221;][\/et_pb_image][\/et_pb_column][\/et_pb_row][et_pb_row _builder_version=&#8221;4.27.0&#8243; _module_preset=&#8221;default&#8221; global_colors_info=&#8221;{}&#8221;][et_pb_column type=&#8221;4_4&#8243; _builder_version=&#8221;4.27.0&#8243; _module_preset=&#8221;default&#8221; global_colors_info=&#8221;{}&#8221;][et_pb_text _builder_version=&#8221;4.27.4&#8243; _module_preset=&#8221;default&#8221; custom_padding=&#8221;||1px|||&#8221; global_colors_info=&#8221;{}&#8221;]<\/p>\n<p style=\"text-align: center;\">Prijs: <strong>\u20ac279,50 per set<\/strong>, excl. handling &amp; verzendkosten.<\/p>\n<p>[\/et_pb_text][et_pb_button button_url=&#8221;https:\/\/germania-inferior.nl\/index.php\/product\/germania-inferior\/&#8221; button_text=&#8221;Levering binnen de EU&#8221; button_alignment=&#8221;center&#8221; _builder_version=&#8221;4.27.0&#8243; _module_preset=&#8221;default&#8221; custom_button=&#8221;on&#8221; custom_margin=&#8221;||||false|false&#8221; custom_padding=&#8221;||||false|false&#8221; global_colors_info=&#8221;{}&#8221;][\/et_pb_button][et_pb_button button_url=&#8221;https:\/\/germania-inferior.nl\/index.php\/levering-ww\/&#8221; button_text=&#8221;Rest van de wereld&#8221; button_alignment=&#8221;center&#8221; _builder_version=&#8221;4.27.0&#8243; _module_preset=&#8221;default&#8221; custom_button=&#8221;on&#8221; custom_margin=&#8221;||||false|false&#8221; custom_padding=&#8221;||||false|false&#8221; global_colors_info=&#8221;{}&#8221;][\/et_pb_button][\/et_pb_column][\/et_pb_row][\/et_pb_section][et_pb_section fb_built=&#8221;1&#8243; _builder_version=&#8221;4.27.0&#8243; _module_preset=&#8221;default&#8221; custom_margin=&#8221;1px|||||&#8221; custom_padding=&#8221;0px||14px|||&#8221; global_colors_info=&#8221;{}&#8221;][et_pb_row column_structure=&#8221;1_4,1_4,1_4,1_4&#8243; _builder_version=&#8221;4.27.0&#8243; _module_preset=&#8221;default&#8221; global_colors_info=&#8221;{}&#8221;][et_pb_column type=&#8221;1_4&#8243; _builder_version=&#8221;4.27.0&#8243; _module_preset=&#8221;default&#8221; global_colors_info=&#8221;{}&#8221;][et_pb_image src=&#8221;https:\/\/germania-inferior.nl\/wp-content\/uploads\/2024\/10\/Germania-Inferior-spreads-v2-5-scaled.jpg&#8221; show_in_lightbox=&#8221;on&#8221; _builder_version=&#8221;4.27.0&#8243; _module_preset=&#8221;default&#8221; box_shadow_style=&#8221;preset1&#8243; global_colors_info=&#8221;{}&#8221;][\/et_pb_image][\/et_pb_column][et_pb_column type=&#8221;1_4&#8243; _builder_version=&#8221;4.27.0&#8243; _module_preset=&#8221;default&#8221; global_colors_info=&#8221;{}&#8221;][et_pb_image src=&#8221;https:\/\/germania-inferior.nl\/wp-content\/uploads\/2024\/10\/Germania-Inferior-spreads-v2-7-scaled.jpg&#8221; show_in_lightbox=&#8221;on&#8221; _builder_version=&#8221;4.27.0&#8243; _module_preset=&#8221;default&#8221; box_shadow_style=&#8221;preset1&#8243; global_colors_info=&#8221;{}&#8221;][\/et_pb_image][\/et_pb_column][et_pb_column type=&#8221;1_4&#8243; _builder_version=&#8221;4.27.0&#8243; _module_preset=&#8221;default&#8221; global_colors_info=&#8221;{}&#8221;][et_pb_image src=&#8221;https:\/\/germania-inferior.nl\/wp-content\/uploads\/2024\/10\/Germania-Inferior-spreads-v2-6-scaled.jpg&#8221; title_text=&#8221;Germania Inferior edit 20240919.indd&#8221; show_in_lightbox=&#8221;on&#8221; _builder_version=&#8221;4.27.0&#8243; _module_preset=&#8221;default&#8221; box_shadow_style=&#8221;preset1&#8243; global_colors_info=&#8221;{}&#8221;][\/et_pb_image][\/et_pb_column][et_pb_column type=&#8221;1_4&#8243; _builder_version=&#8221;4.27.0&#8243; _module_preset=&#8221;default&#8221; global_colors_info=&#8221;{}&#8221;][et_pb_image src=&#8221;https:\/\/germania-inferior.nl\/wp-content\/uploads\/2024\/10\/Germania-Inferior-spreads-v2-9-scaled.jpg&#8221; show_in_lightbox=&#8221;on&#8221; _builder_version=&#8221;4.27.0&#8243; _module_preset=&#8221;default&#8221; box_shadow_style=&#8221;preset1&#8243; global_colors_info=&#8221;{}&#8221;][\/et_pb_image][\/et_pb_column][\/et_pb_row][\/et_pb_section][et_pb_section fb_built=&#8221;1&#8243; _builder_version=&#8221;4.27.3&#8243; _module_preset=&#8221;default&#8221; custom_padding=&#8221;0px||39px|||&#8221; global_colors_info=&#8221;{}&#8221;][et_pb_row _builder_version=&#8221;4.27.3&#8243; _module_preset=&#8221;default&#8221; custom_padding=&#8221;||15px|||&#8221; global_colors_info=&#8221;{}&#8221;][et_pb_column type=&#8221;4_4&#8243; _builder_version=&#8221;4.27.3&#8243; _module_preset=&#8221;default&#8221; global_colors_info=&#8221;{}&#8221;][et_pb_text admin_label=&#8221;Tekst&#8221; _builder_version=&#8221;4.27.0&#8243; _module_preset=&#8221;default&#8221; text_font_size=&#8221;200%&#8221; text_line_height=&#8221;120%&#8221; text_orientation=&#8221;center&#8221; width=&#8221;100%&#8221; custom_margin=&#8221;||4px|||&#8221; text_font_size_tablet=&#8221;200%&#8221; text_font_size_phone=&#8221;150%&#8221; text_font_size_last_edited=&#8221;on|desktop&#8221; global_colors_info=&#8221;{}&#8221;]<\/p>\n<p class=\"p1\">Verworven door toonaangevende bibliotheken<\/p>\n<p>[\/et_pb_text][et_pb_text _builder_version=&#8221;4.27.4&#8243; _module_preset=&#8221;default&#8221; custom_margin=&#8221;||63px|||&#8221; custom_padding=&#8221;||3px|||&#8221; global_colors_info=&#8221;{}&#8221;]<\/p>\n<p style=\"text-align: center;\">Bayerische Staatsbibliothek; Bibliotheek Rijksdienst voor het Cultureel Erfgoed Amersfoort; Bibliothek Deutsches Historisches Museum Berlin; <span>Biblioth\u00e8que Fondation Custodia Paris; <\/span>Biblioth\u00e8que Nationale de Luxembourg; Biblioth\u00e8que Nationale de Paris; Hendrik Conscience Erfgoedbibliotheek Antwerpen; Koninklijke Bibliotheek Brussel; Koninklijke Bibliotheek Den Haag; Staatliche Bibliothek Regensburg; Staatsbibliothek zu Berlin; Universit\u00e4tsbibliothek M\u00fcnster; Universit\u00e4tsbibliothek Z\u00fcrich; Universiteitsbibliotheek Antwerpen; Universiteitsbibliotheek Gent; Universiteitsbibliotheek Groningen; Universiteitsbibliotheek Utrecht; Universiteitsbibliotheek UvA Amsterdam; Universiteitsbibliotheek VU Amsterdam; University Library Bodleian Oxford; University Library Cambridge.<\/p>\n<p>[\/et_pb_text][et_pb_text admin_label=&#8221;Tekst&#8221; _builder_version=&#8221;4.27.0&#8243; _module_preset=&#8221;default&#8221; text_font_size=&#8221;200%&#8221; text_line_height=&#8221;120%&#8221; text_orientation=&#8221;center&#8221; width=&#8221;100%&#8221; custom_margin=&#8221;||4px|||&#8221; text_font_size_tablet=&#8221;200%&#8221; text_font_size_phone=&#8221;150%&#8221; text_font_size_last_edited=&#8221;on|desktop&#8221; global_colors_info=&#8221;{}&#8221;]<\/p>\n<p>Eervol genomineerd<\/p>\n<p>[\/et_pb_text][et_pb_text _builder_version=&#8221;4.27.5&#8243; _module_preset=&#8221;default&#8221; custom_margin=&#8221;||63px|||&#8221; custom_padding=&#8221;||3px|||&#8221; global_colors_info=&#8221;{}&#8221;]<\/p>\n<p style=\"font-weight: 400; text-align: center;\"><strong>De Maatschappij der Nederlandse Letterkunde <\/strong>heeft\u00a0<em>Germania Inferior<\/em>\u00a0genomineerd voor de <strong>Evert Paul Veltkamp-prijs voor Boekgeschiedenis<\/strong>. Deze prijs zal in het najaar van 2026 voor het eerst worden uitgereikt tijdens de jaarlijkse Laureatenmiddag.<\/p>\n<p>[\/et_pb_text][et_pb_text admin_label=&#8221;Tekst&#8221; _builder_version=&#8221;4.27.0&#8243; _module_preset=&#8221;default&#8221; text_font_size=&#8221;200%&#8221; text_line_height=&#8221;120%&#8221; text_orientation=&#8221;center&#8221; width=&#8221;100%&#8221; custom_margin=&#8221;||4px|||&#8221; text_font_size_tablet=&#8221;200%&#8221; text_font_size_phone=&#8221;150%&#8221; text_font_size_last_edited=&#8221;on|desktop&#8221; global_colors_info=&#8221;{}&#8221;]<\/p>\n<p>Lezers over Germania Inferior<\/p>\n<p>[\/et_pb_text][\/et_pb_column][\/et_pb_row][et_pb_row column_structure=&#8221;1_3,1_3,1_3&#8243; _builder_version=&#8221;4.27.3&#8243; _module_preset=&#8221;default&#8221; custom_padding=&#8221;||28px|||&#8221; global_colors_info=&#8221;{}&#8221;][et_pb_column type=&#8221;1_3&#8243; _builder_version=&#8221;4.27.3&#8243; _module_preset=&#8221;default&#8221; global_colors_info=&#8221;{}&#8221;][et_pb_text _builder_version=&#8221;4.27.3&#8243; _module_preset=&#8221;default&#8221; global_colors_info=&#8221;{}&#8221;]<\/p>\n<p style=\"font-weight: 400; text-align: center;\"><em>Mijn complimenten voor dit omvangrijke werk, dat ongetwijfeld het nieuwe standaardwerk over de kaarten van de XVII provinci\u00ebn zal zijn. Er is kennelijk veel te ontdekken geweest na de tweedelige uitgave van H.A.M. van de Heijden. Genoeg voor vele uren lees-en studieplezier.<\/em><\/p>\n<p style=\"text-align: center;\">\u2013 Verzamelaar<\/p>\n<p>[\/et_pb_text][\/et_pb_column][et_pb_column type=&#8221;1_3&#8243; _builder_version=&#8221;4.27.3&#8243; _module_preset=&#8221;default&#8221; global_colors_info=&#8221;{}&#8221;][et_pb_text _builder_version=&#8221;4.27.3&#8243; _module_preset=&#8221;default&#8221; global_colors_info=&#8221;{}&#8221;]<\/p>\n<p style=\"font-weight: 400; text-align: center;\"><em>U heeft met uw \u201cGermania Inferior\u201d waarlijk een fenomenaal boekwerk het licht laten zien! Een prestatie van formaat, u heeft een mijlpaal geplant in de cartobibliografie.<\/em><\/p>\n<p style=\"font-weight: 400; text-align: center;\"><em>De kwaliteit en vormgeving &#8211; de kaft, de verfijnde typografie en lettertypes, de grafische vormgeving en prachtige fotografie, in kleur, echt alles tot in de puntjes verzorgd, het is zowel tactiel als visueel een feestje.<\/em><\/p>\n<p style=\"font-weight: 400; text-align: center;\"><em>De inhoud; Tja, u verwoordt het eigenlijk zelf al; 80 nieuwe kaarten en 200 onbekende staten, wat wil een kaart enthousiast of verzamelaar nog meer?! Het benodigde onderzoek dat daaraan vooraf is gegaan laat naar zich raden.<\/em><\/p>\n<p style=\"text-align: center;\">\u2013 Verzamelaar<\/p>\n<p>[\/et_pb_text][\/et_pb_column][et_pb_column type=&#8221;1_3&#8243; _builder_version=&#8221;4.27.3&#8243; _module_preset=&#8221;default&#8221; global_colors_info=&#8221;{}&#8221;][et_pb_text _builder_version=&#8221;4.27.3&#8243; _module_preset=&#8221;default&#8221; custom_padding=&#8221;||0px|||&#8221; global_colors_info=&#8221;{}&#8221;]<\/p>\n<p style=\"font-weight: 400; text-align: center;\"><em>Grote waardering voor de ontelbare uren die u aan de totstandkoming van \u201cGermania Inferior\u201d heeft besteed. Dit is met recht een magnum opus en uw publicatie verdient in de wereld van instituten, liefhebbers, verzamelaars en onderzoekers van cartografisch materiaal brede erkenning.<\/em><\/p>\n<p style=\"text-align: center;\">\u2013 Verzamelaar<\/p>\n<p>[\/et_pb_text][\/et_pb_column][\/et_pb_row][\/et_pb_section]<\/p>\n","protected":false},"excerpt":{"rendered":"<p>Nieuwe tweedelige Cartobibliografie van de NederlandenClick here for EnglishGermania Inferior \u2013 Cartobibliografie van De Zeventien Provincies der Nederlanden 1548 \u2013 1831 Tweede druk vanwege het overweldigende succes en de grote vraag! Herziene editie, 2 delen,\u00a0tezamen\u00a01096 pagina\u2019s,\u00a0met: 410 historische landkaarten van de Nederlanden; 80 nieuwgevonden, eerder onbekende landkaarten; 200 nieuwe staten (aanpassingen) van eerder beschreven oude [&hellip;]<\/p>\n","protected":false},"author":1,"featured_media":0,"parent":0,"menu_order":0,"comment_status":"closed","ping_status":"closed","template":"","meta":{"_et_pb_use_builder":"on","_et_pb_old_content":"","_et_gb_content_width":"2880","inline_featured_image":false,"footnotes":""},"class_list":["post-29","page","type-page","status-publish","hentry"],"_links":{"self":[{"href":"https:\/\/germania-inferior.nl\/index.php\/wp-json\/wp\/v2\/pages\/29","targetHints":{"allow":["GET"]}}],"collection":[{"href":"https:\/\/germania-inferior.nl\/index.php\/wp-json\/wp\/v2\/pages"}],"about":[{"href":"https:\/\/germania-inferior.nl\/index.php\/wp-json\/wp\/v2\/types\/page"}],"author":[{"embeddable":true,"href":"https:\/\/germania-inferior.nl\/index.php\/wp-json\/wp\/v2\/users\/1"}],"replies":[{"embeddable":true,"href":"https:\/\/germania-inferior.nl\/index.php\/wp-json\/wp\/v2\/comments?post=29"}],"version-history":[{"count":71,"href":"https:\/\/germania-inferior.nl\/index.php\/wp-json\/wp\/v2\/pages\/29\/revisions"}],"predecessor-version":[{"id":707,"href":"https:\/\/germania-inferior.nl\/index.php\/wp-json\/wp\/v2\/pages\/29\/revisions\/707"}],"wp:attachment":[{"href":"https:\/\/germania-inferior.nl\/index.php\/wp-json\/wp\/v2\/media?parent=29"}],"curies":[{"name":"wp","href":"https:\/\/api.w.org\/{rel}","templated":true}]}}